{"id":146,"date":"2024-03-28T16:26:32","date_gmt":"2024-03-28T15:26:32","guid":{"rendered":"https:\/\/vitalismarket.fr\/?page_id=146"},"modified":"2024-03-28T16:42:34","modified_gmt":"2024-03-28T15:42:34","slug":"mentions-legales","status":"publish","type":"page","link":"https:\/\/vitalismarket.fr\/index.php\/mentions-legales\/","title":{"rendered":"Mentions l\u00e9gales"},"content":{"rendered":"\t\t<div data-elementor-type=\"wp-page\" data-elementor-id=\"146\" class=\"elementor elementor-146\">\n\t\t\t\t<div class=\"elementor-element elementor-element-bea8a8a e-flex e-con-boxed wpr-particle-no wpr-jarallax-no wpr-parallax-no wpr-sticky-section-no e-con e-parent\" data-id=\"bea8a8a\" data-element_type=\"container\" data-core-v316-plus=\"true\">\n\t\t\t\t\t<div class=\"e-con-inner\">\n\t\t\t\t<div class=\"elementor-element elementor-element-9d9fd3a elementor-widget elementor-widget-heading\" data-id=\"9d9fd3a\" data-element_type=\"widget\" data-widget_type=\"heading.default\">\n\t\t\t\t<div class=\"elementor-widget-container\">\n\t\t\t<style>\/*! elementor - v3.20.0 - 26-03-2024 *\/\n.elementor-heading-title{padding:0;margin:0;line-height:1}.elementor-widget-heading .elementor-heading-title[class*=elementor-size-]>a{color:inherit;font-size:inherit;line-height:inherit}.elementor-widget-heading .elementor-heading-title.elementor-size-small{font-size:15px}.elementor-widget-heading .elementor-heading-title.elementor-size-medium{font-size:19px}.elementor-widget-heading .elementor-heading-title.elementor-size-large{font-size:29px}.elementor-widget-heading .elementor-heading-title.elementor-size-xl{font-size:39px}.elementor-widget-heading .elementor-heading-title.elementor-size-xxl{font-size:59px}<\/style><h2 class=\"elementor-heading-title elementor-size-default\">Mentions l\u00e9gales\n<\/h2>\t\t<\/div>\n\t\t\t\t<\/div>\n\t\t\t\t\t<\/div>\n\t\t\t\t<\/div>\n\t\t<div class=\"elementor-element elementor-element-0a129c5 e-flex e-con-boxed wpr-particle-no wpr-jarallax-no wpr-parallax-no wpr-sticky-section-no e-con e-parent\" data-id=\"0a129c5\" data-element_type=\"container\" data-core-v316-plus=\"true\">\n\t\t\t\t\t<div class=\"e-con-inner\">\n\t\t\t\t<div class=\"elementor-element elementor-element-a9929ad elementor-widget elementor-widget-text-editor\" data-id=\"a9929ad\" data-element_type=\"widget\" data-widget_type=\"text-editor.default\">\n\t\t\t\t<div class=\"elementor-widget-container\">\n\t\t\t<style>\/*! elementor - v3.20.0 - 26-03-2024 *\/\n.elementor-widget-text-editor.elementor-drop-cap-view-stacked .elementor-drop-cap{background-color:#69727d;color:#fff}.elementor-widget-text-editor.elementor-drop-cap-view-framed .elementor-drop-cap{color:#69727d;border:3px solid;background-color:transparent}.elementor-widget-text-editor:not(.elementor-drop-cap-view-default) .elementor-drop-cap{margin-top:8px}.elementor-widget-text-editor:not(.elementor-drop-cap-view-default) .elementor-drop-cap-letter{width:1em;height:1em}.elementor-widget-text-editor .elementor-drop-cap{float:left;text-align:center;line-height:1;font-size:50px}.elementor-widget-text-editor .elementor-drop-cap-letter{display:inline-block}<\/style>\t\t\t\t<p><strong>SAS Vitalis<\/strong><\/p><p><strong>Si\u00e8ge social :\u00a0<\/strong>84 avenue de la r\u00e9publique 75011 Paris<\/p><p><strong>E-mail :<\/strong> contact@vitalismarket.fr<\/p><p><strong>SIRET\u00a0:<\/strong> 985 210 772 R.C.S PARIS<\/p><p><strong>Confidentialit\u00e9 des donn\u00e9es<\/strong><br \/>Vitalis s\u2019engage \u00e0 pr\u00e9server la confidentialit\u00e9 des informations communiqu\u00e9es sur le site par l\u2019internaute. L\u2019utilisateur dispose d\u2019un droit d\u2019acc\u00e8s, de rectification et de suppression des donn\u00e9es le concernant qu\u2019il peut exercer en adressant un courriel \u00e0 l\u2019adresse : contact@vitalismarket.fr<\/p><p><strong>Cr\u00e9dit :<\/strong> site web propuls\u00e9 <a href=\"https:\/\/webhd.fr\/\">Web-HD\u00a0<\/a><\/p><p><strong>H\u00e9bergeur :\u00a0<\/strong><\/p><p><strong>Hostinger France :<\/strong>\u00a0143 Rue \u00c9mile Julien, 34070 Montpellier, France<\/p><p><strong>Siret :<\/strong>\u00a044765649700024<\/p><p><strong>T\u00e9l\u00e9phone :<\/strong>\u00a008 92 97 70 93<\/p>\t\t\t\t\t\t<\/div>\n\t\t\t\t<\/div>\n\t\t\t\t\t<\/div>\n\t\t\t\t<\/div>\n\t\t\t\t<\/div>\n\t\t","protected":false},"excerpt":{"rendered":"<p>Mentions l\u00e9gales SAS Vitalis Si\u00e8ge social :\u00a084 avenue de la r\u00e9publique 75011 Paris E-mail : contact@vitalismarket.fr SIRET\u00a0: 985 210 772 R.C.S PARIS Confidentialit\u00e9 des donn\u00e9esVitalis s\u2019engage \u00e0 pr\u00e9server la confidentialit\u00e9 des informations communiqu\u00e9es sur le site par l\u2019internaute. L\u2019utilisateur dispose d\u2019un droit d\u2019acc\u00e8s, de rectification et de suppression des donn\u00e9es le concernant qu\u2019il peut exercer&#8230;<\/p>\n","protected":false},"author":1,"featured_media":0,"parent":0,"menu_order":0,"comment_status":"closed","ping_status":"closed","template":"","meta":{"_kad_post_transparent":"","_kad_post_title":"hide","_kad_post_layout":"fullwidth","_kad_post_sidebar_id":"","_kad_post_content_style":"unboxed","_kad_post_vertical_padding":"hide","_kad_post_feature":"hide","_kad_post_feature_position":"","_kad_post_header":false,"_kad_post_footer":false,"footnotes":""},"aioseo_notices":[],"_links":{"self":[{"href":"https:\/\/vitalismarket.fr\/index.php\/wp-json\/wp\/v2\/pages\/146"}],"collection":[{"href":"https:\/\/vitalismarket.fr\/index.php\/wp-json\/wp\/v2\/pages"}],"about":[{"href":"https:\/\/vitalismarket.fr\/index.php\/wp-json\/wp\/v2\/types\/page"}],"author":[{"embeddable":true,"href":"https:\/\/vitalismarket.fr\/index.php\/wp-json\/wp\/v2\/users\/1"}],"replies":[{"embeddable":true,"href":"https:\/\/vitalismarket.fr\/index.php\/wp-json\/wp\/v2\/comments?post=146"}],"version-history":[{"count":7,"href":"https:\/\/vitalismarket.fr\/index.php\/wp-json\/wp\/v2\/pages\/146\/revisions"}],"predecessor-version":[{"id":165,"href":"https:\/\/vitalismarket.fr\/index.php\/wp-json\/wp\/v2\/pages\/146\/revisions\/165"}],"wp:attachment":[{"href":"https:\/\/vitalismarket.fr\/index.php\/wp-json\/wp\/v2\/media?parent=146"}],"curies":[{"name":"wp","href":"https:\/\/api.w.org\/{rel}","templated":true}]}}